{"id":165,"date":"2021-05-02T09:53:34","date_gmt":"2021-05-02T09:53:34","guid":{"rendered":"https:\/\/aktivofresh.de\/?page_id=165"},"modified":"2025-08-16T11:54:59","modified_gmt":"2025-08-16T11:54:59","slug":"vollwaschmittel","status":"publish","type":"page","link":"https:\/\/aktivofresh.de\/?page_id=165","title":{"rendered":"Aktivofresh-Vollwaschmittel"},"content":{"rendered":"\n<p><strong>Aktivofresh \u2013 Ihr Vollwaschmittel f\u00fcr strahlende Reinheit<\/strong><br><\/p>\n\n\n\n<p>Ganz gleich, ob Sie Ihre W\u00e4sche per Hand oder in der Maschine waschen \u2013 <strong>Aktivofresh<\/strong> bietet Ihnen zuverl\u00e4ssige Reinigungskraft bei jeder Anwendung. Unser hochwertiges Vollwaschmittel eignet sich ideal f\u00fcr <strong>wei\u00dfe und bunte Textilien<\/strong> und sorgt bereits ab <strong>30 \u00b0C<\/strong> f\u00fcr hygienische Frische und leuchtende Farben \u2013 bis hin zu <strong>90 \u00b0C<\/strong> f\u00fcr besonders anspruchsvolle Waschg\u00e4nge.<\/p>\n\n\n\n<p><strong>Vielseitig einsetzbar:<\/strong> Aktivofresh ist f\u00fcr alle <strong>waschbaren Stoffe aus Naturfasern, Synthetik<\/strong> sowie deren <strong>Mischgewebe<\/strong> geeignet. Ob Alltag, Freizeit oder empfindliche Textilien \u2013 mit Aktivofresh treffen Sie immer die richtige Wahl.<\/p>\n\n\n\n<p>Entdecken Sie jetzt <strong>saubere W\u00e4sche, frischen Duft und ein gutes Gef\u00fchl bei jedem Waschgang<\/strong> \u2013 mit Aktivofresh.<\/p>\n\n\n\n<figure class=\"wp-block-image size-large is-resized\"><img loading=\"lazy\" decoding=\"async\" width=\"886\" height=\"329\" src=\"https:\/\/aktivofresh.de\/wp-content\/uploads\/2021\/05\/buttons-tef.png\" alt=\"\" class=\"wp-image-17\" style=\"width:288px;height:107px\" srcset=\"https:\/\/aktivofresh.de\/wp-content\/uploads\/2021\/05\/buttons-tef.png 886w, https:\/\/aktivofresh.de\/wp-content\/uploads\/2021\/05\/buttons-tef-600x223.png 600w, https:\/\/aktivofresh.de\/wp-content\/uploads\/2021\/05\/buttons-tef-300x111.png 300w, https:\/\/aktivofresh.de\/wp-content\/uploads\/2021\/05\/buttons-tef-768x285.png 768w\" sizes=\"auto, (max-width: 886px) 100vw, 886px\" \/><\/figure>\n\n\n\n<p>Phospatfreies Vollwaschmittel mit Enzymen<br><br>2,5 kg Aktivofresh Premium reichen f\u00fcr ca. 33 Waschladungen bei normaler Verschmutzung und normaler Wasserh\u00e4rte.<\/p>\n\n\n\n<figure class=\"wp-block-image size-large is-resized\"><img loading=\"lazy\" decoding=\"async\" width=\"768\" height=\"237\" src=\"https:\/\/aktivofresh.de\/wp-content\/uploads\/2021\/05\/Foertsch-Umwelt-2.png\" alt=\"\" class=\"wp-image-19\" style=\"width:340px;height:105px\" srcset=\"https:\/\/aktivofresh.de\/wp-content\/uploads\/2021\/05\/Foertsch-Umwelt-2.png 768w, https:\/\/aktivofresh.de\/wp-content\/uploads\/2021\/05\/Foertsch-Umwelt-2-600x185.png 600w, https:\/\/aktivofresh.de\/wp-content\/uploads\/2021\/05\/Foertsch-Umwelt-2-300x93.png 300w\" sizes=\"auto, (max-width: 768px) 100vw, 768px\" \/><\/figure>\n\n\n\n<p>Umweltfreundliche Mehrfachnutzung: Gern nehmen wir leere Eimer zur\u00fcck!<\/p>\n\n\n\n<p><strong>Waschtipps:<\/strong><\/p>\n\n\n\n<ul class=\"wp-block-list\">\n<li>Beachten Sie unbedingt die Textilhersteller-Pflegehinweise.<\/li>\n\n\n\n<li>Sortieren Sie Ihre W\u00e4sche vor und pr\u00fcfen Sie die Farbechtheit Ihrer Textilien.<\/li>\n\n\n\n<li>Leicht ausf\u00e4rbende W\u00e4schest\u00fccke separat waschen.<\/li>\n<\/ul>\n\n\n\n<p><strong>Achtung:<\/strong><\/p>\n\n\n\n<ul class=\"wp-block-list\">\n<li>Beachten Sie unbedingt die Textilhersteller-Pflegehinweise.<\/li>\n\n\n\n<li>Sortieren Sie Ihre W\u00e4sche vor und pr\u00fcfen Sie die Farbechtheit Ihrer Textilien.<\/li>\n\n\n\n<li>Leicht ausf\u00e4rbende W\u00e4schest\u00fccke separat waschen.<\/li>\n\n\n\n<li>Darf nicht in die H\u00e4nde von Kindern gelangen.<\/li>\n\n\n\n<li>Reizt die Augen. Ber\u00fchrung mit den Augen vermeiden.<\/li>\n\n\n\n<li>Bei Ber\u00fchrung mit den Augen sofort gr\u00fcndlich mit Wasser absp\u00fclen und einen Arzt aufsuchen.<\/li>\n\n\n\n<li>Bei Verschlucken sofort \u00e4rztlichen Rat einholen und Inhaltsstoffangaben vorzeigen.<\/li>\n\n\n\n<li>Bei empfindlicher oder besch\u00e4digter Haut nicht zu lange im Waschwasser bleiben.<\/li>\n\n\n\n<li>Nach jeder Handw\u00e4sche die H\u00e4nde gut waschen und abtrocknen.<\/li>\n<\/ul>\n\n\n\n<p><strong><br>Inhaltsstoffangabe:<br><\/strong>(gem. Detergenzien-Verordnung): 15-30 % Zeolithe, 5-15% Bleichmittel auf Sauerstoffbasis, &lt;5% anionische und nichtionische Tenside, Seife, Phosphonate. Enth\u00e4lt Enzyme, optischen Aufheller und Parf\u00fcm. (Genauere Spezifikationen bzw. Sicherheitsdatenblatt auf Anfrage) Die Substanzen sind leicht biologisch abbaubar.<\/p>\n\n\n\n<p><\/p>\n\n\n\n<p><a href=\"https:\/\/aktivofresh.de\/\">Zu den verschiedenen Gebinden&#8230;<\/a><\/p>\n","protected":false},"excerpt":{"rendered":"<p>Aktivofresh \u2013 Ihr Vollwaschmittel f\u00fcr strahlende Reinheit Ganz gleich, ob Sie Ihre W\u00e4sche per Hand oder in der Maschine waschen \u2013 Aktivofresh bietet Ihnen zuverl\u00e4ssige Reinigungskraft bei jeder Anwendung. Unser hochwertiges Vollwaschmittel eignet sich ideal f\u00fcr wei\u00dfe und bunte Textilien und sorgt bereits ab 30 \u00b0C f\u00fcr hygienische Frische und leuchtende Farben \u2013 bis hin [&hellip;]<\/p>\n","protected":false},"author":1,"featured_media":202,"parent":0,"menu_order":0,"comment_status":"closed","ping_status":"closed","template":"","meta":{"footnotes":""},"class_list":["post-165","page","type-page","status-publish","has-post-thumbnail","czr-hentry"],"yoast_head":"<!-- This site is optimized with the Yoast SEO plugin v26.1.1 - https:\/\/yoast.com\/wordpress\/plugins\/seo\/ -->\n<title>Vollwaschmittel<\/title>\n<meta name=\"description\" content=\"Vollwaschmittel Aktivofresh I Industriewaschmittel I Waschmittel Aktivofresh I Gleich anrufen: 0 48 21 \u2013 9 57 65 29 - jetzt bestellen!\" \/>\n<meta name=\"robots\" content=\"index, follow, max-snippet:-1, max-image-preview:large, max-video-preview:-1\" \/>\n<link rel=\"canonical\" href=\"https:\/\/aktivofresh.de\/?page_id=165\" \/>\n<meta property=\"og:locale\" content=\"de_DE\" \/>\n<meta property=\"og:type\" content=\"article\" \/>\n<meta property=\"og:title\" content=\"Vollwaschmittel\" \/>\n<meta property=\"og:description\" content=\"Vollwaschmittel Aktivofresh I Industriewaschmittel I Waschmittel Aktivofresh I Gleich anrufen: 0 48 21 \u2013 9 57 65 29 - jetzt bestellen!\" \/>\n<meta property=\"og:url\" content=\"https:\/\/aktivofresh.de\/?page_id=165\" \/>\n<meta property=\"article:modified_time\" content=\"2025-08-16T11:54:59+00:00\" \/>\n<meta property=\"og:image\" content=\"https:\/\/aktivofresh.de\/wp-content\/uploads\/2021\/05\/Logo-Aktivofresh_neu-1.png\" \/>\n\t<meta property=\"og:image:width\" content=\"270\" \/>\n\t<meta property=\"og:image:height\" content=\"270\" \/>\n\t<meta property=\"og:image:type\" content=\"image\/png\" \/>\n<meta name=\"twitter:card\" content=\"summary_large_image\" \/>\n<meta name=\"twitter:label1\" content=\"Gesch\u00e4tzte Lesezeit\" \/>\n\t<meta name=\"twitter:data1\" content=\"2\u00a0Minuten\" \/>\n<script type=\"application\/ld+json\" class=\"yoast-schema-graph\">{\"@context\":\"https:\/\/schema.org\",\"@graph\":[{\"@type\":\"WebPage\",\"@id\":\"https:\/\/aktivofresh.de\/?page_id=165\",\"url\":\"https:\/\/aktivofresh.de\/?page_id=165\",\"name\":\"Vollwaschmittel\",\"isPartOf\":{\"@id\":\"https:\/\/aktivofresh.de\/#website\"},\"primaryImageOfPage\":{\"@id\":\"https:\/\/aktivofresh.de\/?page_id=165#primaryimage\"},\"image\":{\"@id\":\"https:\/\/aktivofresh.de\/?page_id=165#primaryimage\"},\"thumbnailUrl\":\"https:\/\/aktivofresh.de\/wp-content\/uploads\/2021\/05\/Logo-Aktivofresh_neu-1.png\",\"datePublished\":\"2021-05-02T09:53:34+00:00\",\"dateModified\":\"2025-08-16T11:54:59+00:00\",\"description\":\"Vollwaschmittel Aktivofresh I Industriewaschmittel I Waschmittel Aktivofresh I Gleich anrufen: 0 48 21 \u2013 9 57 65 29 - jetzt bestellen!\",\"breadcrumb\":{\"@id\":\"https:\/\/aktivofresh.de\/?page_id=165#breadcrumb\"},\"inLanguage\":\"de\",\"potentialAction\":[{\"@type\":\"ReadAction\",\"target\":[\"https:\/\/aktivofresh.de\/?page_id=165\"]}]},{\"@type\":\"ImageObject\",\"inLanguage\":\"de\",\"@id\":\"https:\/\/aktivofresh.de\/?page_id=165#primaryimage\",\"url\":\"https:\/\/aktivofresh.de\/wp-content\/uploads\/2021\/05\/Logo-Aktivofresh_neu-1.png\",\"contentUrl\":\"https:\/\/aktivofresh.de\/wp-content\/uploads\/2021\/05\/Logo-Aktivofresh_neu-1.png\",\"width\":270,\"height\":270,\"caption\":\"Aktivofresh\"},{\"@type\":\"BreadcrumbList\",\"@id\":\"https:\/\/aktivofresh.de\/?page_id=165#breadcrumb\",\"itemListElement\":[{\"@type\":\"ListItem\",\"position\":1,\"name\":\"Startseite\",\"item\":\"https:\/\/aktivofresh.de\/\"},{\"@type\":\"ListItem\",\"position\":2,\"name\":\"Aktivofresh-Vollwaschmittel\"}]},{\"@type\":\"WebSite\",\"@id\":\"https:\/\/aktivofresh.de\/#website\",\"url\":\"https:\/\/aktivofresh.de\/\",\"name\":\"\",\"description\":\"Industriewaschmittel I Waschmittel\",\"potentialAction\":[{\"@type\":\"SearchAction\",\"target\":{\"@type\":\"EntryPoint\",\"urlTemplate\":\"https:\/\/aktivofresh.de\/?s={search_term_string}\"},\"query-input\":{\"@type\":\"PropertyValueSpecification\",\"valueRequired\":true,\"valueName\":\"search_term_string\"}}],\"inLanguage\":\"de\"}]}<\/script>\n<!-- \/ Yoast SEO plugin. -->","yoast_head_json":{"title":"Vollwaschmittel","description":"Vollwaschmittel Aktivofresh I Industriewaschmittel I Waschmittel Aktivofresh I Gleich anrufen: 0 48 21 \u2013 9 57 65 29 - jetzt bestellen!","robots":{"index":"index","follow":"follow","max-snippet":"max-snippet:-1","max-image-preview":"max-image-preview:large","max-video-preview":"max-video-preview:-1"},"canonical":"https:\/\/aktivofresh.de\/?page_id=165","og_locale":"de_DE","og_type":"article","og_title":"Vollwaschmittel","og_description":"Vollwaschmittel Aktivofresh I Industriewaschmittel I Waschmittel Aktivofresh I Gleich anrufen: 0 48 21 \u2013 9 57 65 29 - jetzt bestellen!","og_url":"https:\/\/aktivofresh.de\/?page_id=165","article_modified_time":"2025-08-16T11:54:59+00:00","og_image":[{"width":270,"height":270,"url":"https:\/\/aktivofresh.de\/wp-content\/uploads\/2021\/05\/Logo-Aktivofresh_neu-1.png","type":"image\/png"}],"twitter_card":"summary_large_image","twitter_misc":{"Gesch\u00e4tzte Lesezeit":"2\u00a0Minuten"},"schema":{"@context":"https:\/\/schema.org","@graph":[{"@type":"WebPage","@id":"https:\/\/aktivofresh.de\/?page_id=165","url":"https:\/\/aktivofresh.de\/?page_id=165","name":"Vollwaschmittel","isPartOf":{"@id":"https:\/\/aktivofresh.de\/#website"},"primaryImageOfPage":{"@id":"https:\/\/aktivofresh.de\/?page_id=165#primaryimage"},"image":{"@id":"https:\/\/aktivofresh.de\/?page_id=165#primaryimage"},"thumbnailUrl":"https:\/\/aktivofresh.de\/wp-content\/uploads\/2021\/05\/Logo-Aktivofresh_neu-1.png","datePublished":"2021-05-02T09:53:34+00:00","dateModified":"2025-08-16T11:54:59+00:00","description":"Vollwaschmittel Aktivofresh I Industriewaschmittel I Waschmittel Aktivofresh I Gleich anrufen: 0 48 21 \u2013 9 57 65 29 - jetzt bestellen!","breadcrumb":{"@id":"https:\/\/aktivofresh.de\/?page_id=165#breadcrumb"},"inLanguage":"de","potentialAction":[{"@type":"ReadAction","target":["https:\/\/aktivofresh.de\/?page_id=165"]}]},{"@type":"ImageObject","inLanguage":"de","@id":"https:\/\/aktivofresh.de\/?page_id=165#primaryimage","url":"https:\/\/aktivofresh.de\/wp-content\/uploads\/2021\/05\/Logo-Aktivofresh_neu-1.png","contentUrl":"https:\/\/aktivofresh.de\/wp-content\/uploads\/2021\/05\/Logo-Aktivofresh_neu-1.png","width":270,"height":270,"caption":"Aktivofresh"},{"@type":"BreadcrumbList","@id":"https:\/\/aktivofresh.de\/?page_id=165#breadcrumb","itemListElement":[{"@type":"ListItem","position":1,"name":"Startseite","item":"https:\/\/aktivofresh.de\/"},{"@type":"ListItem","position":2,"name":"Aktivofresh-Vollwaschmittel"}]},{"@type":"WebSite","@id":"https:\/\/aktivofresh.de\/#website","url":"https:\/\/aktivofresh.de\/","name":"","description":"Industriewaschmittel I Waschmittel","potentialAction":[{"@type":"SearchAction","target":{"@type":"EntryPoint","urlTemplate":"https:\/\/aktivofresh.de\/?s={search_term_string}"},"query-input":{"@type":"PropertyValueSpecification","valueRequired":true,"valueName":"search_term_string"}}],"inLanguage":"de"}]}},"jetpack_sharing_enabled":true,"_links":{"self":[{"href":"https:\/\/aktivofresh.de\/index.php?rest_route=\/wp\/v2\/pages\/165","targetHints":{"allow":["GET"]}}],"collection":[{"href":"https:\/\/aktivofresh.de\/index.php?rest_route=\/wp\/v2\/pages"}],"about":[{"href":"https:\/\/aktivofresh.de\/index.php?rest_route=\/wp\/v2\/types\/page"}],"author":[{"embeddable":true,"href":"https:\/\/aktivofresh.de\/index.php?rest_route=\/wp\/v2\/users\/1"}],"replies":[{"embeddable":true,"href":"https:\/\/aktivofresh.de\/index.php?rest_route=%2Fwp%2Fv2%2Fcomments&post=165"}],"version-history":[{"count":8,"href":"https:\/\/aktivofresh.de\/index.php?rest_route=\/wp\/v2\/pages\/165\/revisions"}],"predecessor-version":[{"id":776,"href":"https:\/\/aktivofresh.de\/index.php?rest_route=\/wp\/v2\/pages\/165\/revisions\/776"}],"wp:featuredmedia":[{"embeddable":true,"href":"https:\/\/aktivofresh.de\/index.php?rest_route=\/wp\/v2\/media\/202"}],"wp:attachment":[{"href":"https:\/\/aktivofresh.de\/index.php?rest_route=%2Fwp%2Fv2%2Fmedia&parent=165"}],"curies":[{"name":"wp","href":"https:\/\/api.w.org\/{rel}","templated":true}]}}