{"id":183,"date":"2021-05-02T10:42:24","date_gmt":"2021-05-02T10:42:24","guid":{"rendered":"https:\/\/aktivofresh.de\/?page_id=183"},"modified":"2025-08-16T11:53:52","modified_gmt":"2025-08-16T11:53:52","slug":"aktivofresh-waschmittel","status":"publish","type":"page","link":"https:\/\/aktivofresh.de\/?page_id=183","title":{"rendered":"Vertrieb"},"content":{"rendered":"\n<figure class=\"wp-block-image size-full\"><img loading=\"lazy\" decoding=\"async\" width=\"850\" height=\"719\" src=\"https:\/\/aktivofresh.de\/wp-content\/uploads\/2021\/07\/Foertsch_LKW.jpeg\" alt=\"\" class=\"wp-image-410\" srcset=\"https:\/\/aktivofresh.de\/wp-content\/uploads\/2021\/07\/Foertsch_LKW.jpeg 850w, https:\/\/aktivofresh.de\/wp-content\/uploads\/2021\/07\/Foertsch_LKW-600x508.jpeg 600w, https:\/\/aktivofresh.de\/wp-content\/uploads\/2021\/07\/Foertsch_LKW-300x254.jpeg 300w, https:\/\/aktivofresh.de\/wp-content\/uploads\/2021\/07\/Foertsch_LKW-768x650.jpeg 768w\" sizes=\"auto, (max-width: 850px) 100vw, 850px\" \/><\/figure>\n\n\n\n<h2 class=\"wp-block-heading\">Aktivofresh <\/h2>\n\n\n\n<p>Seit 2019 lassen wir unsere Produktionsreihe der Marke Aktivofresh in Deutschland herstellen.<\/p>\n\n\n\n<p>Als Waschmittelpulver Premium und Profi, fl\u00fcssig als Gel, sowie Weichsp\u00fcler.<\/p>\n\n\n\n<p>Dabei ist unser Maskottchen-Hund Balu nicht nur unser Sympathietr\u00e4ger,<br>sondern liefert in der Familie des Unternehmenchefs Edgard F\u00f6rtsch stets<br>neuen Testw\u00e4sche-Nachschub, wenn es um Produktoptimierung und Ergiebigkeit geht.<\/p>\n\n\n\n<p>Mit Herz und Hand ist also unser Team mit dem Produkt verbunden und vertreibt diese in<br>folgende Zweige:<\/p>\n\n\n\n<ul class=\"wp-block-list\">\n<li>Gro\u00dfw\u00e4schereien, Textilreiniger, SB Waschcenter, Hotels<\/li>\n<\/ul>\n\n\n\n<ul class=\"wp-block-list\">\n<li>Reinigungsfirmen, kleine wie gro\u00dfe Unternehmen und manch Privathaushalte via Supermarktketten<\/li>\n<\/ul>\n\n\n\n<ul class=\"wp-block-list\">\n<li>F\u00fcr einige H\u00e4ndler fertigen wir auch gern Privatlabel.<\/li>\n<\/ul>\n\n\n\n<p>Sie finden auf unserer Website die einzelnen Gebindegr\u00f6\u00dfen der verschiedenen Produkte.<br>F\u00fcr gro\u00dfe Abnahmen stellen wir uns auch gern f\u00fcr Sie auf individuelle Gebindegr\u00f6\u00dfen ein.<\/p>\n\n\n\n<p>Der Umweltaspekt ist uns bei den Kunsttoffverpackungen durchaus wichtig, weshalb wir anbieten,<br>die leeren Beh\u00e4ltnisse (Eimer, Kanister, Flaschen) zur\u00fcckzunehmen, um sie in unserem Werk neu zu bef\u00fcllen und zu versiegeln.<\/p>\n\n\n\n<p>Wir freuen uns auf Ihr Interesse an unseren Produkten<br>und stehen f\u00fcr Fragen gern zur Verf\u00fcgung,<\/p>\n\n\n\n<p>Edgard F\u00f6rtsch<\/p>\n\n\n\n<div class=\"wp-block-buttons is-layout-flex wp-block-buttons-is-layout-flex\">\n<div class=\"wp-block-button\"><a class=\"wp-block-button__link wp-element-button\" href=\"https:\/\/aktivofresh.de\/\">Zu den Waschmittel-Produkten&#8230;<\/a><\/div>\n<\/div>\n","protected":false},"excerpt":{"rendered":"<p>Aktivofresh Seit 2019 lassen wir unsere Produktionsreihe der Marke Aktivofresh in Deutschland herstellen. Als Waschmittelpulver Premium und Profi, fl\u00fcssig als Gel, sowie Weichsp\u00fcler. Dabei ist unser Maskottchen-Hund Balu nicht nur unser Sympathietr\u00e4ger,sondern liefert in der Familie des Unternehmenchefs Edgard F\u00f6rtsch stetsneuen Testw\u00e4sche-Nachschub, wenn es um Produktoptimierung und Ergiebigkeit geht. Mit Herz und Hand ist also [&hellip;]<\/p>\n","protected":false},"author":1,"featured_media":203,"parent":0,"menu_order":0,"comment_status":"closed","ping_status":"open","template":"","meta":{"footnotes":""},"class_list":["post-183","page","type-page","status-publish","has-post-thumbnail","czr-hentry"],"yoast_head":"<!-- This site is optimized with the Yoast SEO plugin v26.1.1 - https:\/\/yoast.com\/wordpress\/plugins\/seo\/ -->\n<title>Aktivofresh Waschmittel<\/title>\n<meta name=\"description\" content=\"Aktivofresh Waschmittel I Vollwaschmittel I Bestes Waschmittel I Top Waschmittel I Jetzt anrufen: 0 48 21 \u2013 9 57 65 29\" \/>\n<meta name=\"robots\" content=\"index, follow, max-snippet:-1, max-image-preview:large, max-video-preview:-1\" \/>\n<link rel=\"canonical\" href=\"https:\/\/aktivofresh.de\/?page_id=183\" \/>\n<meta property=\"og:locale\" content=\"de_DE\" \/>\n<meta property=\"og:type\" content=\"article\" \/>\n<meta property=\"og:title\" content=\"Aktivofresh Waschmittel\" \/>\n<meta property=\"og:description\" content=\"Aktivofresh Waschmittel I Vollwaschmittel I Bestes Waschmittel I Top Waschmittel I Jetzt anrufen: 0 48 21 \u2013 9 57 65 29\" \/>\n<meta property=\"og:url\" content=\"https:\/\/aktivofresh.de\/?page_id=183\" \/>\n<meta property=\"article:modified_time\" content=\"2025-08-16T11:53:52+00:00\" \/>\n<meta property=\"og:image\" content=\"https:\/\/aktivofresh.de\/wp-content\/uploads\/2021\/05\/Lendico_Foertsch_neu-1.jpg\" \/>\n\t<meta property=\"og:image:width\" content=\"800\" \/>\n\t<meta property=\"og:image:height\" content=\"717\" \/>\n\t<meta property=\"og:image:type\" content=\"image\/jpeg\" \/>\n<meta name=\"twitter:card\" content=\"summary_large_image\" \/>\n<meta name=\"twitter:label1\" content=\"Gesch\u00e4tzte Lesezeit\" \/>\n\t<meta name=\"twitter:data1\" content=\"2\u00a0Minuten\" \/>\n<script type=\"application\/ld+json\" class=\"yoast-schema-graph\">{\"@context\":\"https:\/\/schema.org\",\"@graph\":[{\"@type\":\"WebPage\",\"@id\":\"https:\/\/aktivofresh.de\/?page_id=183\",\"url\":\"https:\/\/aktivofresh.de\/?page_id=183\",\"name\":\"Aktivofresh Waschmittel\",\"isPartOf\":{\"@id\":\"https:\/\/aktivofresh.de\/#website\"},\"primaryImageOfPage\":{\"@id\":\"https:\/\/aktivofresh.de\/?page_id=183#primaryimage\"},\"image\":{\"@id\":\"https:\/\/aktivofresh.de\/?page_id=183#primaryimage\"},\"thumbnailUrl\":\"https:\/\/aktivofresh.de\/wp-content\/uploads\/2021\/05\/Lendico_Foertsch_neu-1.jpg\",\"datePublished\":\"2021-05-02T10:42:24+00:00\",\"dateModified\":\"2025-08-16T11:53:52+00:00\",\"description\":\"Aktivofresh Waschmittel I Vollwaschmittel I Bestes Waschmittel I Top Waschmittel I Jetzt anrufen: 0 48 21 \u2013 9 57 65 29\",\"breadcrumb\":{\"@id\":\"https:\/\/aktivofresh.de\/?page_id=183#breadcrumb\"},\"inLanguage\":\"de\",\"potentialAction\":[{\"@type\":\"ReadAction\",\"target\":[\"https:\/\/aktivofresh.de\/?page_id=183\"]}]},{\"@type\":\"ImageObject\",\"inLanguage\":\"de\",\"@id\":\"https:\/\/aktivofresh.de\/?page_id=183#primaryimage\",\"url\":\"https:\/\/aktivofresh.de\/wp-content\/uploads\/2021\/05\/Lendico_Foertsch_neu-1.jpg\",\"contentUrl\":\"https:\/\/aktivofresh.de\/wp-content\/uploads\/2021\/05\/Lendico_Foertsch_neu-1.jpg\",\"width\":800,\"height\":717,\"caption\":\"Lendico_F\u00f6rtsch_neu\"},{\"@type\":\"BreadcrumbList\",\"@id\":\"https:\/\/aktivofresh.de\/?page_id=183#breadcrumb\",\"itemListElement\":[{\"@type\":\"ListItem\",\"position\":1,\"name\":\"Startseite\",\"item\":\"https:\/\/aktivofresh.de\/\"},{\"@type\":\"ListItem\",\"position\":2,\"name\":\"Vertrieb\"}]},{\"@type\":\"WebSite\",\"@id\":\"https:\/\/aktivofresh.de\/#website\",\"url\":\"https:\/\/aktivofresh.de\/\",\"name\":\"\",\"description\":\"Industriewaschmittel I Waschmittel\",\"potentialAction\":[{\"@type\":\"SearchAction\",\"target\":{\"@type\":\"EntryPoint\",\"urlTemplate\":\"https:\/\/aktivofresh.de\/?s={search_term_string}\"},\"query-input\":{\"@type\":\"PropertyValueSpecification\",\"valueRequired\":true,\"valueName\":\"search_term_string\"}}],\"inLanguage\":\"de\"}]}<\/script>\n<!-- \/ Yoast SEO plugin. -->","yoast_head_json":{"title":"Aktivofresh Waschmittel","description":"Aktivofresh Waschmittel I Vollwaschmittel I Bestes Waschmittel I Top Waschmittel I Jetzt anrufen: 0 48 21 \u2013 9 57 65 29","robots":{"index":"index","follow":"follow","max-snippet":"max-snippet:-1","max-image-preview":"max-image-preview:large","max-video-preview":"max-video-preview:-1"},"canonical":"https:\/\/aktivofresh.de\/?page_id=183","og_locale":"de_DE","og_type":"article","og_title":"Aktivofresh Waschmittel","og_description":"Aktivofresh Waschmittel I Vollwaschmittel I Bestes Waschmittel I Top Waschmittel I Jetzt anrufen: 0 48 21 \u2013 9 57 65 29","og_url":"https:\/\/aktivofresh.de\/?page_id=183","article_modified_time":"2025-08-16T11:53:52+00:00","og_image":[{"width":800,"height":717,"url":"https:\/\/aktivofresh.de\/wp-content\/uploads\/2021\/05\/Lendico_Foertsch_neu-1.jpg","type":"image\/jpeg"}],"twitter_card":"summary_large_image","twitter_misc":{"Gesch\u00e4tzte Lesezeit":"2\u00a0Minuten"},"schema":{"@context":"https:\/\/schema.org","@graph":[{"@type":"WebPage","@id":"https:\/\/aktivofresh.de\/?page_id=183","url":"https:\/\/aktivofresh.de\/?page_id=183","name":"Aktivofresh Waschmittel","isPartOf":{"@id":"https:\/\/aktivofresh.de\/#website"},"primaryImageOfPage":{"@id":"https:\/\/aktivofresh.de\/?page_id=183#primaryimage"},"image":{"@id":"https:\/\/aktivofresh.de\/?page_id=183#primaryimage"},"thumbnailUrl":"https:\/\/aktivofresh.de\/wp-content\/uploads\/2021\/05\/Lendico_Foertsch_neu-1.jpg","datePublished":"2021-05-02T10:42:24+00:00","dateModified":"2025-08-16T11:53:52+00:00","description":"Aktivofresh Waschmittel I Vollwaschmittel I Bestes Waschmittel I Top Waschmittel I Jetzt anrufen: 0 48 21 \u2013 9 57 65 29","breadcrumb":{"@id":"https:\/\/aktivofresh.de\/?page_id=183#breadcrumb"},"inLanguage":"de","potentialAction":[{"@type":"ReadAction","target":["https:\/\/aktivofresh.de\/?page_id=183"]}]},{"@type":"ImageObject","inLanguage":"de","@id":"https:\/\/aktivofresh.de\/?page_id=183#primaryimage","url":"https:\/\/aktivofresh.de\/wp-content\/uploads\/2021\/05\/Lendico_Foertsch_neu-1.jpg","contentUrl":"https:\/\/aktivofresh.de\/wp-content\/uploads\/2021\/05\/Lendico_Foertsch_neu-1.jpg","width":800,"height":717,"caption":"Lendico_F\u00f6rtsch_neu"},{"@type":"BreadcrumbList","@id":"https:\/\/aktivofresh.de\/?page_id=183#breadcrumb","itemListElement":[{"@type":"ListItem","position":1,"name":"Startseite","item":"https:\/\/aktivofresh.de\/"},{"@type":"ListItem","position":2,"name":"Vertrieb"}]},{"@type":"WebSite","@id":"https:\/\/aktivofresh.de\/#website","url":"https:\/\/aktivofresh.de\/","name":"","description":"Industriewaschmittel I Waschmittel","potentialAction":[{"@type":"SearchAction","target":{"@type":"EntryPoint","urlTemplate":"https:\/\/aktivofresh.de\/?s={search_term_string}"},"query-input":{"@type":"PropertyValueSpecification","valueRequired":true,"valueName":"search_term_string"}}],"inLanguage":"de"}]}},"jetpack_sharing_enabled":true,"_links":{"self":[{"href":"https:\/\/aktivofresh.de\/index.php?rest_route=\/wp\/v2\/pages\/183","targetHints":{"allow":["GET"]}}],"collection":[{"href":"https:\/\/aktivofresh.de\/index.php?rest_route=\/wp\/v2\/pages"}],"about":[{"href":"https:\/\/aktivofresh.de\/index.php?rest_route=\/wp\/v2\/types\/page"}],"author":[{"embeddable":true,"href":"https:\/\/aktivofresh.de\/index.php?rest_route=\/wp\/v2\/users\/1"}],"replies":[{"embeddable":true,"href":"https:\/\/aktivofresh.de\/index.php?rest_route=%2Fwp%2Fv2%2Fcomments&post=183"}],"version-history":[{"count":13,"href":"https:\/\/aktivofresh.de\/index.php?rest_route=\/wp\/v2\/pages\/183\/revisions"}],"predecessor-version":[{"id":775,"href":"https:\/\/aktivofresh.de\/index.php?rest_route=\/wp\/v2\/pages\/183\/revisions\/775"}],"wp:featuredmedia":[{"embeddable":true,"href":"https:\/\/aktivofresh.de\/index.php?rest_route=\/wp\/v2\/media\/203"}],"wp:attachment":[{"href":"https:\/\/aktivofresh.de\/index.php?rest_route=%2Fwp%2Fv2%2Fmedia&parent=183"}],"curies":[{"name":"wp","href":"https:\/\/api.w.org\/{rel}","templated":true}]}}