{"id":190,"date":"2021-05-02T10:57:34","date_gmt":"2021-05-02T10:57:34","guid":{"rendered":"https:\/\/aktivofresh.de\/?page_id=190"},"modified":"2025-06-30T09:07:25","modified_gmt":"2025-06-30T09:07:25","slug":"umwelt","status":"publish","type":"page","link":"https:\/\/aktivofresh.de\/?page_id=190","title":{"rendered":"Umwelt"},"content":{"rendered":"\n<figure class=\"wp-block-image size-large is-resized\"><img loading=\"lazy\" decoding=\"async\" width=\"768\" height=\"237\" src=\"https:\/\/aktivofresh.de\/wp-content\/uploads\/2021\/05\/Foertsch-Umwelt-2.png\" alt=\"\" class=\"wp-image-19\" style=\"width:340px;height:105px\" srcset=\"https:\/\/aktivofresh.de\/wp-content\/uploads\/2021\/05\/Foertsch-Umwelt-2.png 768w, https:\/\/aktivofresh.de\/wp-content\/uploads\/2021\/05\/Foertsch-Umwelt-2-600x185.png 600w, https:\/\/aktivofresh.de\/wp-content\/uploads\/2021\/05\/Foertsch-Umwelt-2-300x93.png 300w\" sizes=\"auto, (max-width: 768px) 100vw, 768px\" \/><\/figure>\n\n\n\n<p><strong>Gemeinsam gegen Plastikm\u00fcll \u2013 F\u00fcr eine saubere Umwelt!<\/strong><\/p>\n\n\n\n<p>Die immer gr\u00f6\u00dfer werdenden <strong>Plastikm\u00fcllberge<\/strong> auf unserer Erde sind ein dr\u00e4ngendes globales Problem f\u00fcr unsere Umwelt. J\u00e4hrlich gelangen Millionen Tonnen Plastik in die Umwelt \u2013 mit verheerenden Folgen f\u00fcr Mensch, Tier und Natur. Besonders alarmierend: <strong>Schon im Jahr 2050 k\u00f6nnte laut Expertensch\u00e4tzungen mehr Plastik in unseren Ozeanen treiben als Fische<\/strong>. Diese Prognose ist ein deutlicher Appell an uns alle, jetzt aktiv zu werden.<\/p>\n\n\n\n<p>Gerade Deutschland als sogenannter <strong>\u201eEuropameister\u201c im Verpackungsm\u00fcll<\/strong> tr\u00e4gt eine besondere Verantwortung. Unser hoher Konsum an Einwegverpackungen und kurzlebigen Plastikprodukten versch\u00e4rft die M\u00fcllproblematik zus\u00e4tzlich \u2013 sowohl \u00f6kologisch als auch gesellschaftlich.<\/p>\n\n\n\n<h3 class=\"wp-block-heading\">Aktivofresh \u00fcbernimmt Verantwortung f\u00fcr unsere Umwelt<\/h3>\n\n\n\n<p>Wir von <strong>Aktivofresh<\/strong> nehmen diese Herausforderung ernst. Unser Ziel ist es, nicht nur Ihre W\u00e4sche zuverl\u00e4ssig sauber zu machen, sondern auch einen sp\u00fcrbaren Beitrag zum <strong>Schutz unserer Umwelt<\/strong> zu leisten.<\/p>\n\n\n\n<p>Deshalb bieten wir Ihnen eine einfache M\u00f6glichkeit, aktiv mitzuhelfen:<br><strong>Bringen Sie Ihre leeren Aktivofresh-Waschmitteleimer zur\u00fcck \u2013 wir nehmen sie gerne wieder an!<\/strong><\/p>\n\n\n\n<h3 class=\"wp-block-heading\">Umweltfreundliche Mehrfachnutzung<\/h3>\n\n\n\n<p>Statt wertvolle Ressourcen zu verschwenden, setzen wir auf die <strong>Wiederverwendung<\/strong> unserer Verpackungen. Die gesammelten Eimer werden sorgf\u00e4ltig gereinigt und erneut bef\u00fcllt \u2013 so verl\u00e4ngern wir ihre Lebensdauer und vermeiden unn\u00f6tigen Plastikabfall.<\/p>\n\n\n\n<p>Mit Ihrer R\u00fcckgabe leisten Sie einen wichtigen Beitrag zur <strong>Reduzierung von Einwegplastik<\/strong> und helfen mit, unsere Natur zu entlasten.<\/p>\n\n\n\n<p><strong>Vielen Dank f\u00fcr Ihre Unterst\u00fctzung \u2013 f\u00fcr eine saubere W\u00e4sche und eine sauberere Welt.<\/strong><\/p>\n\n\n\n<p><a href=\"https:\/\/aktivofresh.de\/\">Zur\u00fcck zur Startseite&#8230;<\/a><\/p>\n\n\n\n<p><\/p>\n","protected":false},"excerpt":{"rendered":"<p>Gemeinsam gegen Plastikm\u00fcll \u2013 F\u00fcr eine saubere Umwelt! Die immer gr\u00f6\u00dfer werdenden Plastikm\u00fcllberge auf unserer Erde sind ein dr\u00e4ngendes globales Problem f\u00fcr unsere Umwelt. J\u00e4hrlich gelangen Millionen Tonnen Plastik in die Umwelt \u2013 mit verheerenden Folgen f\u00fcr Mensch, Tier und Natur. Besonders alarmierend: Schon im Jahr 2050 k\u00f6nnte laut Expertensch\u00e4tzungen mehr Plastik in unseren Ozeanen [&hellip;]<\/p>\n","protected":false},"author":1,"featured_media":221,"parent":0,"menu_order":0,"comment_status":"closed","ping_status":"open","template":"","meta":{"footnotes":""},"class_list":["post-190","page","type-page","status-publish","has-post-thumbnail","czr-hentry"],"yoast_head":"<!-- This site is optimized with the Yoast SEO plugin v26.1.1 - https:\/\/yoast.com\/wordpress\/plugins\/seo\/ -->\n<title>Umwelt<\/title>\n<meta name=\"description\" content=\"Umwelt und Pflanzen werden geschont von Aktivofresh Vollwaschmittel I Industriewaschmittel Itzehoe I Waschmittel D\u00e4geling\" \/>\n<meta name=\"robots\" content=\"index, follow, max-snippet:-1, max-image-preview:large, max-video-preview:-1\" \/>\n<link rel=\"canonical\" href=\"https:\/\/aktivofresh.de\/?page_id=190\" \/>\n<meta property=\"og:locale\" content=\"de_DE\" \/>\n<meta property=\"og:type\" content=\"article\" \/>\n<meta property=\"og:title\" content=\"Umwelt\" \/>\n<meta property=\"og:description\" content=\"Umwelt und Pflanzen werden geschont von Aktivofresh Vollwaschmittel I Industriewaschmittel Itzehoe I Waschmittel D\u00e4geling\" \/>\n<meta property=\"og:url\" content=\"https:\/\/aktivofresh.de\/?page_id=190\" \/>\n<meta property=\"article:modified_time\" content=\"2025-06-30T09:07:25+00:00\" \/>\n<meta property=\"og:image\" content=\"https:\/\/aktivofresh.de\/wp-content\/uploads\/2021\/05\/Umwelt-LOgo.png\" \/>\n\t<meta property=\"og:image:width\" content=\"222\" \/>\n\t<meta property=\"og:image:height\" content=\"237\" \/>\n\t<meta property=\"og:image:type\" content=\"image\/png\" \/>\n<meta name=\"twitter:card\" content=\"summary_large_image\" \/>\n<meta name=\"twitter:label1\" content=\"Gesch\u00e4tzte Lesezeit\" \/>\n\t<meta name=\"twitter:data1\" content=\"2\u00a0Minuten\" \/>\n<script type=\"application\/ld+json\" class=\"yoast-schema-graph\">{\"@context\":\"https:\/\/schema.org\",\"@graph\":[{\"@type\":\"WebPage\",\"@id\":\"https:\/\/aktivofresh.de\/?page_id=190\",\"url\":\"https:\/\/aktivofresh.de\/?page_id=190\",\"name\":\"Umwelt\",\"isPartOf\":{\"@id\":\"https:\/\/aktivofresh.de\/#website\"},\"primaryImageOfPage\":{\"@id\":\"https:\/\/aktivofresh.de\/?page_id=190#primaryimage\"},\"image\":{\"@id\":\"https:\/\/aktivofresh.de\/?page_id=190#primaryimage\"},\"thumbnailUrl\":\"https:\/\/aktivofresh.de\/wp-content\/uploads\/2021\/05\/Umwelt-LOgo.png\",\"datePublished\":\"2021-05-02T10:57:34+00:00\",\"dateModified\":\"2025-06-30T09:07:25+00:00\",\"description\":\"Umwelt und Pflanzen werden geschont von Aktivofresh Vollwaschmittel I Industriewaschmittel Itzehoe I Waschmittel D\u00e4geling\",\"breadcrumb\":{\"@id\":\"https:\/\/aktivofresh.de\/?page_id=190#breadcrumb\"},\"inLanguage\":\"de\",\"potentialAction\":[{\"@type\":\"ReadAction\",\"target\":[\"https:\/\/aktivofresh.de\/?page_id=190\"]}]},{\"@type\":\"ImageObject\",\"inLanguage\":\"de\",\"@id\":\"https:\/\/aktivofresh.de\/?page_id=190#primaryimage\",\"url\":\"https:\/\/aktivofresh.de\/wp-content\/uploads\/2021\/05\/Umwelt-LOgo.png\",\"contentUrl\":\"https:\/\/aktivofresh.de\/wp-content\/uploads\/2021\/05\/Umwelt-LOgo.png\",\"width\":222,\"height\":237,\"caption\":\"Aktivofresh_Umwelt\"},{\"@type\":\"BreadcrumbList\",\"@id\":\"https:\/\/aktivofresh.de\/?page_id=190#breadcrumb\",\"itemListElement\":[{\"@type\":\"ListItem\",\"position\":1,\"name\":\"Startseite\",\"item\":\"https:\/\/aktivofresh.de\/\"},{\"@type\":\"ListItem\",\"position\":2,\"name\":\"Umwelt\"}]},{\"@type\":\"WebSite\",\"@id\":\"https:\/\/aktivofresh.de\/#website\",\"url\":\"https:\/\/aktivofresh.de\/\",\"name\":\"\",\"description\":\"Industriewaschmittel I Waschmittel\",\"potentialAction\":[{\"@type\":\"SearchAction\",\"target\":{\"@type\":\"EntryPoint\",\"urlTemplate\":\"https:\/\/aktivofresh.de\/?s={search_term_string}\"},\"query-input\":{\"@type\":\"PropertyValueSpecification\",\"valueRequired\":true,\"valueName\":\"search_term_string\"}}],\"inLanguage\":\"de\"}]}<\/script>\n<!-- \/ Yoast SEO plugin. -->","yoast_head_json":{"title":"Umwelt","description":"Umwelt und Pflanzen werden geschont von Aktivofresh Vollwaschmittel I Industriewaschmittel Itzehoe I Waschmittel D\u00e4geling","robots":{"index":"index","follow":"follow","max-snippet":"max-snippet:-1","max-image-preview":"max-image-preview:large","max-video-preview":"max-video-preview:-1"},"canonical":"https:\/\/aktivofresh.de\/?page_id=190","og_locale":"de_DE","og_type":"article","og_title":"Umwelt","og_description":"Umwelt und Pflanzen werden geschont von Aktivofresh Vollwaschmittel I Industriewaschmittel Itzehoe I Waschmittel D\u00e4geling","og_url":"https:\/\/aktivofresh.de\/?page_id=190","article_modified_time":"2025-06-30T09:07:25+00:00","og_image":[{"width":222,"height":237,"url":"https:\/\/aktivofresh.de\/wp-content\/uploads\/2021\/05\/Umwelt-LOgo.png","type":"image\/png"}],"twitter_card":"summary_large_image","twitter_misc":{"Gesch\u00e4tzte Lesezeit":"2\u00a0Minuten"},"schema":{"@context":"https:\/\/schema.org","@graph":[{"@type":"WebPage","@id":"https:\/\/aktivofresh.de\/?page_id=190","url":"https:\/\/aktivofresh.de\/?page_id=190","name":"Umwelt","isPartOf":{"@id":"https:\/\/aktivofresh.de\/#website"},"primaryImageOfPage":{"@id":"https:\/\/aktivofresh.de\/?page_id=190#primaryimage"},"image":{"@id":"https:\/\/aktivofresh.de\/?page_id=190#primaryimage"},"thumbnailUrl":"https:\/\/aktivofresh.de\/wp-content\/uploads\/2021\/05\/Umwelt-LOgo.png","datePublished":"2021-05-02T10:57:34+00:00","dateModified":"2025-06-30T09:07:25+00:00","description":"Umwelt und Pflanzen werden geschont von Aktivofresh Vollwaschmittel I Industriewaschmittel Itzehoe I Waschmittel D\u00e4geling","breadcrumb":{"@id":"https:\/\/aktivofresh.de\/?page_id=190#breadcrumb"},"inLanguage":"de","potentialAction":[{"@type":"ReadAction","target":["https:\/\/aktivofresh.de\/?page_id=190"]}]},{"@type":"ImageObject","inLanguage":"de","@id":"https:\/\/aktivofresh.de\/?page_id=190#primaryimage","url":"https:\/\/aktivofresh.de\/wp-content\/uploads\/2021\/05\/Umwelt-LOgo.png","contentUrl":"https:\/\/aktivofresh.de\/wp-content\/uploads\/2021\/05\/Umwelt-LOgo.png","width":222,"height":237,"caption":"Aktivofresh_Umwelt"},{"@type":"BreadcrumbList","@id":"https:\/\/aktivofresh.de\/?page_id=190#breadcrumb","itemListElement":[{"@type":"ListItem","position":1,"name":"Startseite","item":"https:\/\/aktivofresh.de\/"},{"@type":"ListItem","position":2,"name":"Umwelt"}]},{"@type":"WebSite","@id":"https:\/\/aktivofresh.de\/#website","url":"https:\/\/aktivofresh.de\/","name":"","description":"Industriewaschmittel I Waschmittel","potentialAction":[{"@type":"SearchAction","target":{"@type":"EntryPoint","urlTemplate":"https:\/\/aktivofresh.de\/?s={search_term_string}"},"query-input":{"@type":"PropertyValueSpecification","valueRequired":true,"valueName":"search_term_string"}}],"inLanguage":"de"}]}},"jetpack_sharing_enabled":true,"_links":{"self":[{"href":"https:\/\/aktivofresh.de\/index.php?rest_route=\/wp\/v2\/pages\/190","targetHints":{"allow":["GET"]}}],"collection":[{"href":"https:\/\/aktivofresh.de\/index.php?rest_route=\/wp\/v2\/pages"}],"about":[{"href":"https:\/\/aktivofresh.de\/index.php?rest_route=\/wp\/v2\/types\/page"}],"author":[{"embeddable":true,"href":"https:\/\/aktivofresh.de\/index.php?rest_route=\/wp\/v2\/users\/1"}],"replies":[{"embeddable":true,"href":"https:\/\/aktivofresh.de\/index.php?rest_route=%2Fwp%2Fv2%2Fcomments&post=190"}],"version-history":[{"count":12,"href":"https:\/\/aktivofresh.de\/index.php?rest_route=\/wp\/v2\/pages\/190\/revisions"}],"predecessor-version":[{"id":727,"href":"https:\/\/aktivofresh.de\/index.php?rest_route=\/wp\/v2\/pages\/190\/revisions\/727"}],"wp:featuredmedia":[{"embeddable":true,"href":"https:\/\/aktivofresh.de\/index.php?rest_route=\/wp\/v2\/media\/221"}],"wp:attachment":[{"href":"https:\/\/aktivofresh.de\/index.php?rest_route=%2Fwp%2Fv2%2Fmedia&parent=190"}],"curies":[{"name":"wp","href":"https:\/\/api.w.org\/{rel}","templated":true}]}}