{"id":250,"date":"2021-05-02T14:50:11","date_gmt":"2021-05-02T14:50:11","guid":{"rendered":"https:\/\/aktivofresh.de\/?page_id=250"},"modified":"2025-08-16T14:03:48","modified_gmt":"2025-08-16T14:03:48","slug":"impressum","status":"publish","type":"page","link":"https:\/\/aktivofresh.de\/?page_id=250","title":{"rendered":"Impressum"},"content":{"rendered":"\n<p>Die folgenden Angaben gelten f\u00fcr Aktivofresh:<\/p>\n\n\n\n<p><strong>Firmenanschrift<\/strong><\/p>\n\n\n\n<p>Aktivofresh<br>Kaddenbusch 1<br>25578 D\u00e4geling <br>www.aktivofresh.de<\/p>\n\n\n\n<p><strong>Gesch\u00e4ftsf\u00fchrer<\/strong><\/p>\n\n\n\n<p>Edgard F\u00f6rtsch<\/p>\n\n\n\n<p><strong>Kontakt<\/strong><\/p>\n\n\n\n<p>Telefon:  0 48 21 &#8211; 9 57 65 29<br>Telefax:  0 48 21 &#8211; 40 312 03<br>E-Mail: info-aktivofresh@t-online.de<\/p>\n\n\n\n<p><strong>Umsatzsteuer<\/strong><\/p>\n\n\n\n<p>Umsatzsteuer-Identifikationsnummer gem\u00e4\u00df \u00a727 a Umsatzsteuergesetz:<br>DE270981345<\/p>\n\n\n\n<p><strong>Streitschlichtung <\/strong><\/p>\n\n\n\n<p>Die Europ\u00e4ische Kommission stellt eine Plattform zur Online-Streitbeilegung (OS) bereit:&nbsp;<a href=\"https:\/\/ec.europa.eu\/consumers\/odr\" target=\"_blank\" rel=\"noreferrer noopener\">https:\/\/ec.europa.eu\/consumers\/odr<\/a>.<br>Unsere E-Mail-Adresse finden Sie oben im Impressum.<\/p>\n\n\n\n<p>Wir sind nicht bereit oder verpflichtet, an Streitbeilegungsverfahren vor einer Verbraucherschlichtungsstelle teilzunehmen.<\/p>\n\n\n\n<p><\/p>\n\n\n\n<p><strong>Haftung f\u00fcr Inhalte <\/strong><\/p>\n\n\n\n<p>Verpflichtungen zur Entfernung oder Sperrung der Nutzung von Informationen nach den allgemeinen Gesetzen bleiben hiervon unber\u00fchrt. Eine diesbez\u00fcgliche Haftung ist jedoch erst ab dem Zeitpunkt der Kenntnis einer konkreten Rechtsverletzung m\u00f6glich. Bei Bekanntwerden von entsprechenden Rechtsverletzungen werden wir diese Inhalte umgehend entfernen.<\/p>\n\n\n\n<p><strong>Haftung f\u00fcr Links<\/strong><\/p>\n\n\n\n<p>Unser Angebot enth\u00e4lt Links zu externen Websites Dritter, auf deren Inhalte wir keinen Einfluss haben. Deshalb k\u00f6nnen wir f\u00fcr diese fremden Inhalte auch keine Gew\u00e4hr \u00fcbernehmen. F\u00fcr die Inhalte der verlinkten Seiten ist stets der jeweilige Anbieter oder Betreiber der Seiten verantwortlich. Die verlinkten Seiten wurden zum Zeitpunkt der Verlinkung auf m\u00f6gliche Rechtsverst\u00f6\u00dfe \u00fcberpr\u00fcft. Rechtswidrige Inhalte waren zum Zeitpunkt der Verlinkung nicht erkennbar.<\/p>\n\n\n\n<p>Eine permanente inhaltliche Kontrolle der verlinkten Seiten ist jedoch ohne konkrete Anhaltspunkte einer Rechtsverletzung nicht zumutbar. Bei Bekanntwerden von Rechtsverletzungen werden wir derartige Links umgehend entfernen.<\/p>\n\n\n\n<p><strong>Urheberrecht<\/strong><\/p>\n\n\n\n<p>Die durch die Seitenbetreiber erstellten Inhalte und Werke auf diesen Seiten unterliegen dem deutschen Urheberrecht. Die Vervielf\u00e4ltigung, Bearbeitung, Verbreitung und jede Art der Verwertung au\u00dferhalb der Grenzen des Urheberrechtes bed\u00fcrfen der schriftlichen Zustimmung des jeweiligen Autors bzw. Erstellers. Downloads und Kopien dieser Seite sind nur f\u00fcr den privaten, nicht kommerziellen Gebrauch gestattet.<\/p>\n\n\n\n<p>Soweit die Inhalte auf dieser Seite nicht vom Betreiber erstellt wurden, werden die Urheberrechte Dritter beachtet. Insbesondere werden Inhalte Dritter als solche gekennzeichnet. Sollten Sie trotzdem auf eine Urheberrechtsverletzung aufmerksam werden, bitten wir um einen entsprechenden Hinweis. Bei Bekanntwerden von Rechtsverletzungen werden wir derartige Inhalte umgehend entfernen.<\/p>\n\n\n\n<p>Als Diensteanbieter sind wir gem\u00e4\u00df \u00a7 7 Abs.1 TMG f\u00fcr eigene Inhalte auf diesen Seiten nach den allgemeinen Gesetzen verantwortlich. Nach \u00a7\u00a7 8 bis 10 TMG sind wir als Diensteanbieter jedoch nicht verpflichtet, \u00fcbermittelte oder gespeicherte fremde Informationen zu \u00fcberwachen oder nach Umst\u00e4nden zu forschen, die auf eine rechtswidrige T\u00e4tigkeit hinweisen.<\/p>\n\n\n\n<p>Bildquellen: Wolfgang Lenhardt<br>Unsplash: Nong Vang, Jonatan Pie, Natalya Zaritskaya, Brian-Patrick Tagalog<\/p>\n\n\n\n<p>Gestaltung: <a href=\"https:\/\/global-triangle.de\/\">Eyke Szopieray<\/a><br><br>google-site-verification: google1516d51e67a325fe.html<\/p>\n\n\n\n<p><\/p>\n","protected":false},"excerpt":{"rendered":"<p>Die folgenden Angaben gelten f\u00fcr Aktivofresh: Firmenanschrift AktivofreshKaddenbusch 125578 D\u00e4geling www.aktivofresh.de Gesch\u00e4ftsf\u00fchrer Edgard F\u00f6rtsch Kontakt Telefon: 0 48 21 &#8211; 9 57 65 29Telefax: 0 48 21 &#8211; 40 312 03E-Mail: info-aktivofresh@t-online.de Umsatzsteuer Umsatzsteuer-Identifikationsnummer gem\u00e4\u00df \u00a727 a Umsatzsteuergesetz:DE270981345 Streitschlichtung Die Europ\u00e4ische Kommission stellt eine Plattform zur Online-Streitbeilegung (OS) bereit:&nbsp;https:\/\/ec.europa.eu\/consumers\/odr.Unsere E-Mail-Adresse finden Sie oben im Impressum. [&hellip;]<\/p>\n","protected":false},"author":1,"featured_media":0,"parent":0,"menu_order":0,"comment_status":"closed","ping_status":"open","template":"","meta":{"footnotes":""},"class_list":["post-250","page","type-page","status-publish","czr-hentry"],"yoast_head":"<!-- This site is optimized with the Yoast SEO plugin v26.1.1 - https:\/\/yoast.com\/wordpress\/plugins\/seo\/ -->\n<title>Impressum<\/title>\n<meta name=\"description\" content=\"Impressum Aktivofresh I Industriewaschmittel I Vollwaschmittel I Itzehoe I D\u00e4geling I Edgard F\u00f6rtsch I Schleswig-Holstein\" \/>\n<meta name=\"robots\" content=\"index, follow, max-snippet:-1, max-image-preview:large, max-video-preview:-1\" \/>\n<link rel=\"canonical\" href=\"https:\/\/aktivofresh.de\/?page_id=250\" \/>\n<meta property=\"og:locale\" content=\"de_DE\" \/>\n<meta property=\"og:type\" content=\"article\" \/>\n<meta property=\"og:title\" content=\"Impressum\" \/>\n<meta property=\"og:description\" content=\"Impressum Aktivofresh I Industriewaschmittel I Vollwaschmittel I Itzehoe I D\u00e4geling I Edgard F\u00f6rtsch I Schleswig-Holstein\" \/>\n<meta property=\"og:url\" content=\"https:\/\/aktivofresh.de\/?page_id=250\" \/>\n<meta property=\"article:modified_time\" content=\"2025-08-16T14:03:48+00:00\" \/>\n<meta name=\"twitter:card\" content=\"summary_large_image\" \/>\n<meta name=\"twitter:label1\" content=\"Gesch\u00e4tzte Lesezeit\" \/>\n\t<meta name=\"twitter:data1\" content=\"3\u00a0Minuten\" \/>\n<script type=\"application\/ld+json\" class=\"yoast-schema-graph\">{\"@context\":\"https:\/\/schema.org\",\"@graph\":[{\"@type\":\"WebPage\",\"@id\":\"https:\/\/aktivofresh.de\/?page_id=250\",\"url\":\"https:\/\/aktivofresh.de\/?page_id=250\",\"name\":\"Impressum\",\"isPartOf\":{\"@id\":\"https:\/\/aktivofresh.de\/#website\"},\"datePublished\":\"2021-05-02T14:50:11+00:00\",\"dateModified\":\"2025-08-16T14:03:48+00:00\",\"description\":\"Impressum Aktivofresh I Industriewaschmittel I Vollwaschmittel I Itzehoe I D\u00e4geling I Edgard F\u00f6rtsch I Schleswig-Holstein\",\"breadcrumb\":{\"@id\":\"https:\/\/aktivofresh.de\/?page_id=250#breadcrumb\"},\"inLanguage\":\"de\",\"potentialAction\":[{\"@type\":\"ReadAction\",\"target\":[\"https:\/\/aktivofresh.de\/?page_id=250\"]}]},{\"@type\":\"BreadcrumbList\",\"@id\":\"https:\/\/aktivofresh.de\/?page_id=250#breadcrumb\",\"itemListElement\":[{\"@type\":\"ListItem\",\"position\":1,\"name\":\"Startseite\",\"item\":\"https:\/\/aktivofresh.de\/\"},{\"@type\":\"ListItem\",\"position\":2,\"name\":\"Impressum\"}]},{\"@type\":\"WebSite\",\"@id\":\"https:\/\/aktivofresh.de\/#website\",\"url\":\"https:\/\/aktivofresh.de\/\",\"name\":\"\",\"description\":\"Industriewaschmittel I Waschmittel\",\"potentialAction\":[{\"@type\":\"SearchAction\",\"target\":{\"@type\":\"EntryPoint\",\"urlTemplate\":\"https:\/\/aktivofresh.de\/?s={search_term_string}\"},\"query-input\":{\"@type\":\"PropertyValueSpecification\",\"valueRequired\":true,\"valueName\":\"search_term_string\"}}],\"inLanguage\":\"de\"}]}<\/script>\n<!-- \/ Yoast SEO plugin. -->","yoast_head_json":{"title":"Impressum","description":"Impressum Aktivofresh I Industriewaschmittel I Vollwaschmittel I Itzehoe I D\u00e4geling I Edgard F\u00f6rtsch I Schleswig-Holstein","robots":{"index":"index","follow":"follow","max-snippet":"max-snippet:-1","max-image-preview":"max-image-preview:large","max-video-preview":"max-video-preview:-1"},"canonical":"https:\/\/aktivofresh.de\/?page_id=250","og_locale":"de_DE","og_type":"article","og_title":"Impressum","og_description":"Impressum Aktivofresh I Industriewaschmittel I Vollwaschmittel I Itzehoe I D\u00e4geling I Edgard F\u00f6rtsch I Schleswig-Holstein","og_url":"https:\/\/aktivofresh.de\/?page_id=250","article_modified_time":"2025-08-16T14:03:48+00:00","twitter_card":"summary_large_image","twitter_misc":{"Gesch\u00e4tzte Lesezeit":"3\u00a0Minuten"},"schema":{"@context":"https:\/\/schema.org","@graph":[{"@type":"WebPage","@id":"https:\/\/aktivofresh.de\/?page_id=250","url":"https:\/\/aktivofresh.de\/?page_id=250","name":"Impressum","isPartOf":{"@id":"https:\/\/aktivofresh.de\/#website"},"datePublished":"2021-05-02T14:50:11+00:00","dateModified":"2025-08-16T14:03:48+00:00","description":"Impressum Aktivofresh I Industriewaschmittel I Vollwaschmittel I Itzehoe I D\u00e4geling I Edgard F\u00f6rtsch I Schleswig-Holstein","breadcrumb":{"@id":"https:\/\/aktivofresh.de\/?page_id=250#breadcrumb"},"inLanguage":"de","potentialAction":[{"@type":"ReadAction","target":["https:\/\/aktivofresh.de\/?page_id=250"]}]},{"@type":"BreadcrumbList","@id":"https:\/\/aktivofresh.de\/?page_id=250#breadcrumb","itemListElement":[{"@type":"ListItem","position":1,"name":"Startseite","item":"https:\/\/aktivofresh.de\/"},{"@type":"ListItem","position":2,"name":"Impressum"}]},{"@type":"WebSite","@id":"https:\/\/aktivofresh.de\/#website","url":"https:\/\/aktivofresh.de\/","name":"","description":"Industriewaschmittel I Waschmittel","potentialAction":[{"@type":"SearchAction","target":{"@type":"EntryPoint","urlTemplate":"https:\/\/aktivofresh.de\/?s={search_term_string}"},"query-input":{"@type":"PropertyValueSpecification","valueRequired":true,"valueName":"search_term_string"}}],"inLanguage":"de"}]}},"jetpack_sharing_enabled":true,"_links":{"self":[{"href":"https:\/\/aktivofresh.de\/index.php?rest_route=\/wp\/v2\/pages\/250","targetHints":{"allow":["GET"]}}],"collection":[{"href":"https:\/\/aktivofresh.de\/index.php?rest_route=\/wp\/v2\/pages"}],"about":[{"href":"https:\/\/aktivofresh.de\/index.php?rest_route=\/wp\/v2\/types\/page"}],"author":[{"embeddable":true,"href":"https:\/\/aktivofresh.de\/index.php?rest_route=\/wp\/v2\/users\/1"}],"replies":[{"embeddable":true,"href":"https:\/\/aktivofresh.de\/index.php?rest_route=%2Fwp%2Fv2%2Fcomments&post=250"}],"version-history":[{"count":16,"href":"https:\/\/aktivofresh.de\/index.php?rest_route=\/wp\/v2\/pages\/250\/revisions"}],"predecessor-version":[{"id":796,"href":"https:\/\/aktivofresh.de\/index.php?rest_route=\/wp\/v2\/pages\/250\/revisions\/796"}],"wp:attachment":[{"href":"https:\/\/aktivofresh.de\/index.php?rest_route=%2Fwp%2Fv2%2Fmedia&parent=250"}],"curies":[{"name":"wp","href":"https:\/\/api.w.org\/{rel}","templated":true}]}}