{"id":685,"date":"2025-01-04T13:19:50","date_gmt":"2025-01-04T13:19:50","guid":{"rendered":"https:\/\/aktivofresh.de\/?post_type=product&#038;p=685"},"modified":"2025-12-30T21:32:04","modified_gmt":"2025-12-30T21:32:04","slug":"waschmittel-10-liter","status":"publish","type":"product","link":"https:\/\/aktivofresh.de\/?product=waschmittel-10-liter","title":{"rendered":"Waschmittel Blau 1000 Liter IBC"},"content":{"rendered":"<p>Waschmittel Gel blau\u00a0 1000 Liter IBC.<\/p>\n<p>Fl\u00fcssiges phospatfreies Vollwaschmittel mit Enzymen.<\/p>\n<p>Gerne liefern wir ihnen auch Leere Kanister 5 oder 10 Liter zum bef\u00fcllen nach ihren Vorstellungen.<\/p>\n<p>Privat Label m\u00f6glich.<\/p>\n","protected":false},"excerpt":{"rendered":"<p>Waschmittel Gel blau\u00a0 1000 Liter IBC. Fl\u00fcssiges phospatfreies Vollwaschmittel mit Enzymen. Gerne liefern wir ihnen auch Leere Kanister 5 oder 10 Liter zum bef\u00fcllen nach ihren Vorstellungen. Privat Label m\u00f6glich.<\/p>\n","protected":false},"featured_media":892,"comment_status":"open","ping_status":"closed","template":"","meta":[],"product_brand":[],"product_cat":[24],"product_tag":[],"class_list":{"0":"post-685","1":"product","2":"type-product","3":"status-publish","4":"has-post-thumbnail","6":"product_cat-fluessigwaschmittel","8":"first","9":"instock","10":"taxable","11":"shipping-taxable","12":"purchasable","13":"product-type-simple","14":"czr-hentry"},"yoast_head":"<!-- This site is optimized with the Yoast SEO plugin v26.1.1 - https:\/\/yoast.com\/wordpress\/plugins\/seo\/ -->\n<title>Waschmittel Blau 1000 Liter IBC -<\/title>\n<meta name=\"robots\" content=\"index, follow, max-snippet:-1, max-image-preview:large, max-video-preview:-1\" \/>\n<link rel=\"canonical\" href=\"https:\/\/aktivofresh.de\/?product=waschmittel-10-liter\" \/>\n<meta property=\"og:locale\" content=\"de_DE\" \/>\n<meta property=\"og:type\" content=\"article\" \/>\n<meta property=\"og:title\" content=\"Waschmittel Blau 1000 Liter IBC -\" \/>\n<meta property=\"og:description\" content=\"Waschmittel Gel blau\u00a0 1000 Liter IBC. Fl\u00fcssiges phospatfreies Vollwaschmittel mit Enzymen. Gerne liefern wir ihnen auch Leere Kanister 5 oder 10 Liter zum bef\u00fcllen nach ihren Vorstellungen. Privat Label m\u00f6glich.\" \/>\n<meta property=\"og:url\" content=\"https:\/\/aktivofresh.de\/?product=waschmittel-10-liter\" \/>\n<meta property=\"article:modified_time\" content=\"2025-12-30T21:32:04+00:00\" \/>\n<meta property=\"og:image\" content=\"https:\/\/aktivofresh.de\/wp-content\/uploads\/2025\/01\/1000091018.jpg\" \/>\n\t<meta property=\"og:image:width\" content=\"1214\" \/>\n\t<meta property=\"og:image:height\" content=\"1298\" \/>\n\t<meta property=\"og:image:type\" content=\"image\/jpeg\" \/>\n<meta name=\"twitter:card\" content=\"summary_large_image\" \/>\n<meta name=\"twitter:label1\" content=\"Gesch\u00e4tzte Lesezeit\" \/>\n\t<meta name=\"twitter:data1\" content=\"1\u00a0Minute\" \/>\n<script type=\"application\/ld+json\" class=\"yoast-schema-graph\">{\"@context\":\"https:\/\/schema.org\",\"@graph\":[{\"@type\":\"WebPage\",\"@id\":\"https:\/\/aktivofresh.de\/?product=waschmittel-10-liter\",\"url\":\"https:\/\/aktivofresh.de\/?product=waschmittel-10-liter\",\"name\":\"Waschmittel Blau 1000 Liter IBC -\",\"isPartOf\":{\"@id\":\"https:\/\/aktivofresh.de\/#website\"},\"primaryImageOfPage\":{\"@id\":\"https:\/\/aktivofresh.de\/?product=waschmittel-10-liter#primaryimage\"},\"image\":{\"@id\":\"https:\/\/aktivofresh.de\/?product=waschmittel-10-liter#primaryimage\"},\"thumbnailUrl\":\"https:\/\/aktivofresh.de\/wp-content\/uploads\/2025\/01\/1000091018.jpg\",\"datePublished\":\"2025-01-04T13:19:50+00:00\",\"dateModified\":\"2025-12-30T21:32:04+00:00\",\"breadcrumb\":{\"@id\":\"https:\/\/aktivofresh.de\/?product=waschmittel-10-liter#breadcrumb\"},\"inLanguage\":\"de\",\"potentialAction\":[{\"@type\":\"ReadAction\",\"target\":[\"https:\/\/aktivofresh.de\/?product=waschmittel-10-liter\"]}]},{\"@type\":\"ImageObject\",\"inLanguage\":\"de\",\"@id\":\"https:\/\/aktivofresh.de\/?product=waschmittel-10-liter#primaryimage\",\"url\":\"https:\/\/aktivofresh.de\/wp-content\/uploads\/2025\/01\/1000091018.jpg\",\"contentUrl\":\"https:\/\/aktivofresh.de\/wp-content\/uploads\/2025\/01\/1000091018.jpg\",\"width\":1214,\"height\":1298},{\"@type\":\"BreadcrumbList\",\"@id\":\"https:\/\/aktivofresh.de\/?product=waschmittel-10-liter#breadcrumb\",\"itemListElement\":[{\"@type\":\"ListItem\",\"position\":1,\"name\":\"Startseite\",\"item\":\"https:\/\/aktivofresh.de\/\"},{\"@type\":\"ListItem\",\"position\":2,\"name\":\"Shop\",\"item\":\"https:\/\/aktivofresh.de\/?page_id=864\"},{\"@type\":\"ListItem\",\"position\":3,\"name\":\"Waschmittel Blau 1000 Liter IBC\"}]},{\"@type\":\"WebSite\",\"@id\":\"https:\/\/aktivofresh.de\/#website\",\"url\":\"https:\/\/aktivofresh.de\/\",\"name\":\"\",\"description\":\"Industriewaschmittel I Waschmittel\",\"potentialAction\":[{\"@type\":\"SearchAction\",\"target\":{\"@type\":\"EntryPoint\",\"urlTemplate\":\"https:\/\/aktivofresh.de\/?s={search_term_string}\"},\"query-input\":{\"@type\":\"PropertyValueSpecification\",\"valueRequired\":true,\"valueName\":\"search_term_string\"}}],\"inLanguage\":\"de\"}]}<\/script>\n<!-- \/ Yoast SEO plugin. -->","yoast_head_json":{"title":"Waschmittel Blau 1000 Liter IBC -","robots":{"index":"index","follow":"follow","max-snippet":"max-snippet:-1","max-image-preview":"max-image-preview:large","max-video-preview":"max-video-preview:-1"},"canonical":"https:\/\/aktivofresh.de\/?product=waschmittel-10-liter","og_locale":"de_DE","og_type":"article","og_title":"Waschmittel Blau 1000 Liter IBC -","og_description":"Waschmittel Gel blau\u00a0 1000 Liter IBC. Fl\u00fcssiges phospatfreies Vollwaschmittel mit Enzymen. Gerne liefern wir ihnen auch Leere Kanister 5 oder 10 Liter zum bef\u00fcllen nach ihren Vorstellungen. Privat Label m\u00f6glich.","og_url":"https:\/\/aktivofresh.de\/?product=waschmittel-10-liter","article_modified_time":"2025-12-30T21:32:04+00:00","og_image":[{"width":1214,"height":1298,"url":"https:\/\/aktivofresh.de\/wp-content\/uploads\/2025\/01\/1000091018.jpg","type":"image\/jpeg"}],"twitter_card":"summary_large_image","twitter_misc":{"Gesch\u00e4tzte Lesezeit":"1\u00a0Minute"},"schema":{"@context":"https:\/\/schema.org","@graph":[{"@type":"WebPage","@id":"https:\/\/aktivofresh.de\/?product=waschmittel-10-liter","url":"https:\/\/aktivofresh.de\/?product=waschmittel-10-liter","name":"Waschmittel Blau 1000 Liter IBC -","isPartOf":{"@id":"https:\/\/aktivofresh.de\/#website"},"primaryImageOfPage":{"@id":"https:\/\/aktivofresh.de\/?product=waschmittel-10-liter#primaryimage"},"image":{"@id":"https:\/\/aktivofresh.de\/?product=waschmittel-10-liter#primaryimage"},"thumbnailUrl":"https:\/\/aktivofresh.de\/wp-content\/uploads\/2025\/01\/1000091018.jpg","datePublished":"2025-01-04T13:19:50+00:00","dateModified":"2025-12-30T21:32:04+00:00","breadcrumb":{"@id":"https:\/\/aktivofresh.de\/?product=waschmittel-10-liter#breadcrumb"},"inLanguage":"de","potentialAction":[{"@type":"ReadAction","target":["https:\/\/aktivofresh.de\/?product=waschmittel-10-liter"]}]},{"@type":"ImageObject","inLanguage":"de","@id":"https:\/\/aktivofresh.de\/?product=waschmittel-10-liter#primaryimage","url":"https:\/\/aktivofresh.de\/wp-content\/uploads\/2025\/01\/1000091018.jpg","contentUrl":"https:\/\/aktivofresh.de\/wp-content\/uploads\/2025\/01\/1000091018.jpg","width":1214,"height":1298},{"@type":"BreadcrumbList","@id":"https:\/\/aktivofresh.de\/?product=waschmittel-10-liter#breadcrumb","itemListElement":[{"@type":"ListItem","position":1,"name":"Startseite","item":"https:\/\/aktivofresh.de\/"},{"@type":"ListItem","position":2,"name":"Shop","item":"https:\/\/aktivofresh.de\/?page_id=864"},{"@type":"ListItem","position":3,"name":"Waschmittel Blau 1000 Liter IBC"}]},{"@type":"WebSite","@id":"https:\/\/aktivofresh.de\/#website","url":"https:\/\/aktivofresh.de\/","name":"","description":"Industriewaschmittel I Waschmittel","potentialAction":[{"@type":"SearchAction","target":{"@type":"EntryPoint","urlTemplate":"https:\/\/aktivofresh.de\/?s={search_term_string}"},"query-input":{"@type":"PropertyValueSpecification","valueRequired":true,"valueName":"search_term_string"}}],"inLanguage":"de"}]}},"jetpack_sharing_enabled":true,"_links":{"self":[{"href":"https:\/\/aktivofresh.de\/index.php?rest_route=\/wp\/v2\/product\/685","targetHints":{"allow":["GET"]}}],"collection":[{"href":"https:\/\/aktivofresh.de\/index.php?rest_route=\/wp\/v2\/product"}],"about":[{"href":"https:\/\/aktivofresh.de\/index.php?rest_route=\/wp\/v2\/types\/product"}],"replies":[{"embeddable":true,"href":"https:\/\/aktivofresh.de\/index.php?rest_route=%2Fwp%2Fv2%2Fcomments&post=685"}],"wp:featuredmedia":[{"embeddable":true,"href":"https:\/\/aktivofresh.de\/index.php?rest_route=\/wp\/v2\/media\/892"}],"wp:attachment":[{"href":"https:\/\/aktivofresh.de\/index.php?rest_route=%2Fwp%2Fv2%2Fmedia&parent=685"}],"wp:term":[{"taxonomy":"product_brand","embeddable":true,"href":"https:\/\/aktivofresh.de\/index.php?rest_route=%2Fwp%2Fv2%2Fproduct_brand&post=685"},{"taxonomy":"product_cat","embeddable":true,"href":"https:\/\/aktivofresh.de\/index.php?rest_route=%2Fwp%2Fv2%2Fproduct_cat&post=685"},{"taxonomy":"product_tag","embeddable":true,"href":"https:\/\/aktivofresh.de\/index.php?rest_route=%2Fwp%2Fv2%2Fproduct_tag&post=685"}],"curies":[{"name":"wp","href":"https:\/\/api.w.org\/{rel}","templated":true}]}}